{"id":3287,"date":"2025-04-03T16:44:26","date_gmt":"2025-04-03T14:44:26","guid":{"rendered":"https:\/\/initiative-pim.org\/web\/?page_id=3287"},"modified":"2025-04-05T14:29:33","modified_gmt":"2025-04-05T12:29:33","slug":"legal-mentions","status":"publish","type":"page","link":"https:\/\/initiative-pim.org\/en\/legal-mentions\/","title":{"rendered":"Legal mentions"},"content":{"rendered":"\n<p><strong>Initiative pour les Petites Iles de M\u00e9diterran\u00e9e (PIM)<br><\/strong>Lyc\u00e9e des Calanques, 89 Traverse Parangon<br>13&nbsp;008 Marseille \u2013 France<br><a href=\"mailto:pim@initiative-pim.org\">pim@initiative-pim.org<\/a><\/p>\n\n\n\n<p>Website created on WordPress and hosted by OVH.<\/p>\n\n\n\n<p>\u00a9 Copyright2025 PIM Initiative <\/p>\n\n\n\n<p>&#8211; Design :&nbsp;Camomille <a href=\"https:\/\/camomillecom.fr\/\" target=\"_blank\" rel=\"noreferrer noopener\">camomillecom.fr<\/a><\/p>\n\n\n\n<p>&#8211; Development\u00a0: Lionel Da Costa, Oueb Design<\/p>\n\n\n\n<p>&#8211; Illustrations&nbsp;:<\/p>\n\n\n\n<p>&nbsp;&nbsp;&nbsp;&nbsp;&nbsp;&nbsp;&nbsp;&nbsp;&nbsp;&nbsp;&nbsp;&nbsp;&nbsp;&nbsp;&nbsp; &#8211; Pola Noury&nbsp;: <a href=\"https:\/\/polanoury.com\/\">https:\/\/polanoury.com\/<\/a><\/p>\n\n\n\n<p>&nbsp;&nbsp;&nbsp;&nbsp;&nbsp;&nbsp;&nbsp;&nbsp;&nbsp;&nbsp;&nbsp;&nbsp;&nbsp;&nbsp;&nbsp; &#8211; Laurence Malherbe&nbsp;: <a href=\"http:\/\/mala4040.odns.fr\/\">http:\/\/mala4040.odns.fr\/<\/a><\/p>\n\n\n\n<p>To cancel your subscription to our Newsletter, or for any information, please feel free to contact us by email at <a href=\"mailto:pim@initiative-pim.org\">pim@initiative-pim.org<\/a><\/p>\n","protected":false},"excerpt":{"rendered":"<p>Initiative pour les Petites Iles de M\u00e9diterran\u00e9e (PIM)Lyc\u00e9e des Calanques, 89 Traverse Parangon13&nbsp;008 Marseille \u2013 Francepim@initiative-pim.org Website created on WordPress and hosted by OVH. \u00a9 Copyright2025 PIM Initiative &#8211; Design :&nbsp;Camomille camomillecom.fr &#8211; Development\u00a0: Lionel Da Costa, Oueb Design &#8211; Illustrations&nbsp;: &nbsp;&nbsp;&nbsp;&nbsp;&nbsp;&nbsp;&nbsp;&nbsp;&nbsp;&nbsp;&nbsp;&nbsp;&nbsp;&nbsp;&nbsp; &#8211; Pola Noury&nbsp;: https:\/\/polanoury.com\/ &nbsp;&nbsp;&nbsp;&nbsp;&nbsp;&nbsp;&nbsp;&nbsp;&nbsp;&nbsp;&nbsp;&nbsp;&nbsp;&nbsp;&nbsp; &#8211; Laurence Malherbe&nbsp;: http:\/\/mala4040.odns.fr\/ To cancel your subscription [&hellip;]<\/p>\n","protected":false},"author":2,"featured_media":0,"parent":0,"menu_order":0,"comment_status":"closed","ping_status":"closed","template":"","meta":{"footnotes":""},"class_list":["post-3287","page","type-page","status-publish","hentry"],"yoast_head":"<!-- This site is optimized with the Yoast SEO plugin v24.9 - https:\/\/yoast.com\/wordpress\/plugins\/seo\/ -->\n<title>Legal mentions - Initiative PIM<\/title>\n<meta name=\"robots\" content=\"index, follow, max-snippet:-1, max-image-preview:large, max-video-preview:-1\" \/>\n<link rel=\"canonical\" href=\"https:\/\/initiative-pim.org\/en\/legal-mentions\/\" \/>\n<meta property=\"og:locale\" content=\"en_US\" \/>\n<meta property=\"og:type\" content=\"article\" \/>\n<meta property=\"og:title\" content=\"Legal mentions - Initiative PIM\" \/>\n<meta property=\"og:description\" content=\"Initiative pour les Petites Iles de M\u00e9diterran\u00e9e (PIM)Lyc\u00e9e des Calanques, 89 Traverse Parangon13&nbsp;008 Marseille \u2013 Francepim@initiative-pim.org Website created on WordPress and hosted by OVH. \u00a9 Copyright2025 PIM Initiative &#8211; Design :&nbsp;Camomille camomillecom.fr &#8211; Development\u00a0: Lionel Da Costa, Oueb Design &#8211; Illustrations&nbsp;: &nbsp;&nbsp;&nbsp;&nbsp;&nbsp;&nbsp;&nbsp;&nbsp;&nbsp;&nbsp;&nbsp;&nbsp;&nbsp;&nbsp;&nbsp; &#8211; Pola Noury&nbsp;: https:\/\/polanoury.com\/ &nbsp;&nbsp;&nbsp;&nbsp;&nbsp;&nbsp;&nbsp;&nbsp;&nbsp;&nbsp;&nbsp;&nbsp;&nbsp;&nbsp;&nbsp; &#8211; Laurence Malherbe&nbsp;: http:\/\/mala4040.odns.fr\/ To cancel your subscription [&hellip;]\" \/>\n<meta property=\"og:url\" content=\"https:\/\/initiative-pim.org\/en\/legal-mentions\/\" \/>\n<meta property=\"og:site_name\" content=\"Initiative PIM\" \/>\n<meta property=\"article:publisher\" content=\"https:\/\/www.facebook.com\/PIMinitiative\/\" \/>\n<meta property=\"article:modified_time\" content=\"2025-04-05T12:29:33+00:00\" \/>\n<meta property=\"og:image\" content=\"https:\/\/initiative-pim.org\/web\/wp-content\/uploads\/2025\/03\/fb-default.jpg\" \/>\n\t<meta property=\"og:image:width\" content=\"1200\" \/>\n\t<meta property=\"og:image:height\" content=\"675\" \/>\n\t<meta property=\"og:image:type\" content=\"image\/jpeg\" \/>\n<meta name=\"twitter:card\" content=\"summary_large_image\" \/>\n<meta name=\"twitter:label1\" content=\"Est. reading time\" \/>\n\t<meta name=\"twitter:data1\" content=\"1 minute\" \/>\n<script type=\"application\/ld+json\" class=\"yoast-schema-graph\">{\"@context\":\"https:\/\/schema.org\",\"@graph\":[{\"@type\":\"WebPage\",\"@id\":\"https:\/\/initiative-pim.org\/en\/legal-mentions\/\",\"url\":\"https:\/\/initiative-pim.org\/en\/legal-mentions\/\",\"name\":\"Legal mentions - Initiative PIM\",\"isPartOf\":{\"@id\":\"https:\/\/initiative-pim.org\/en\/#website\"},\"datePublished\":\"2025-04-03T14:44:26+00:00\",\"dateModified\":\"2025-04-05T12:29:33+00:00\",\"breadcrumb\":{\"@id\":\"https:\/\/initiative-pim.org\/en\/legal-mentions\/#breadcrumb\"},\"inLanguage\":\"en-US\",\"potentialAction\":[{\"@type\":\"ReadAction\",\"target\":[\"https:\/\/initiative-pim.org\/en\/legal-mentions\/\"]}]},{\"@type\":\"BreadcrumbList\",\"@id\":\"https:\/\/initiative-pim.org\/en\/legal-mentions\/#breadcrumb\",\"itemListElement\":[{\"@type\":\"ListItem\",\"position\":1,\"name\":\"Accueil\",\"item\":\"https:\/\/initiative-pim.org\/en\/\"},{\"@type\":\"ListItem\",\"position\":2,\"name\":\"Legal mentions\"}]},{\"@type\":\"WebSite\",\"@id\":\"https:\/\/initiative-pim.org\/en\/#website\",\"url\":\"https:\/\/initiative-pim.org\/en\/\",\"name\":\"Initiative PIM\",\"description\":\"\",\"publisher\":{\"@id\":\"https:\/\/initiative-pim.org\/en\/#organization\"},\"alternateName\":\"Initiative PIM pour les Petites Iles de M\u00e9diterran\u00e9e\",\"potentialAction\":[{\"@type\":\"SearchAction\",\"target\":{\"@type\":\"EntryPoint\",\"urlTemplate\":\"https:\/\/initiative-pim.org\/en\/?s={search_term_string}\"},\"query-input\":{\"@type\":\"PropertyValueSpecification\",\"valueRequired\":true,\"valueName\":\"search_term_string\"}}],\"inLanguage\":\"en-US\"},{\"@type\":\"Organization\",\"@id\":\"https:\/\/initiative-pim.org\/en\/#organization\",\"name\":\"Initiative PIM\",\"url\":\"https:\/\/initiative-pim.org\/en\/\",\"logo\":{\"@type\":\"ImageObject\",\"inLanguage\":\"en-US\",\"@id\":\"https:\/\/initiative-pim.org\/en\/#\/schema\/logo\/image\/\",\"url\":\"https:\/\/initiative-pim.org\/web\/wp-content\/uploads\/2025\/03\/initiative-PIM.png\",\"contentUrl\":\"https:\/\/initiative-pim.org\/web\/wp-content\/uploads\/2025\/03\/initiative-PIM.png\",\"width\":655,\"height\":647,\"caption\":\"Initiative PIM\"},\"image\":{\"@id\":\"https:\/\/initiative-pim.org\/en\/#\/schema\/logo\/image\/\"},\"sameAs\":[\"https:\/\/www.facebook.com\/PIMinitiative\/\",\"https:\/\/www.instagram.com\/initiative_pim\/\",\"https:\/\/www.youtube.com\/channel\/UCtxVdBHvKlgCskcaY6gmP2w\"]}]}<\/script>\n<!-- \/ Yoast SEO plugin. -->","yoast_head_json":{"title":"Legal mentions - Initiative PIM","robots":{"index":"index","follow":"follow","max-snippet":"max-snippet:-1","max-image-preview":"max-image-preview:large","max-video-preview":"max-video-preview:-1"},"canonical":"https:\/\/initiative-pim.org\/en\/legal-mentions\/","og_locale":"en_US","og_type":"article","og_title":"Legal mentions - Initiative PIM","og_description":"Initiative pour les Petites Iles de M\u00e9diterran\u00e9e (PIM)Lyc\u00e9e des Calanques, 89 Traverse Parangon13&nbsp;008 Marseille \u2013 Francepim@initiative-pim.org Website created on WordPress and hosted by OVH. \u00a9 Copyright2025 PIM Initiative &#8211; Design :&nbsp;Camomille camomillecom.fr &#8211; Development\u00a0: Lionel Da Costa, Oueb Design &#8211; Illustrations&nbsp;: &nbsp;&nbsp;&nbsp;&nbsp;&nbsp;&nbsp;&nbsp;&nbsp;&nbsp;&nbsp;&nbsp;&nbsp;&nbsp;&nbsp;&nbsp; &#8211; Pola Noury&nbsp;: https:\/\/polanoury.com\/ &nbsp;&nbsp;&nbsp;&nbsp;&nbsp;&nbsp;&nbsp;&nbsp;&nbsp;&nbsp;&nbsp;&nbsp;&nbsp;&nbsp;&nbsp; &#8211; Laurence Malherbe&nbsp;: http:\/\/mala4040.odns.fr\/ To cancel your subscription [&hellip;]","og_url":"https:\/\/initiative-pim.org\/en\/legal-mentions\/","og_site_name":"Initiative PIM","article_publisher":"https:\/\/www.facebook.com\/PIMinitiative\/","article_modified_time":"2025-04-05T12:29:33+00:00","og_image":[{"width":1200,"height":675,"url":"https:\/\/initiative-pim.org\/web\/wp-content\/uploads\/2025\/03\/fb-default.jpg","type":"image\/jpeg"}],"twitter_card":"summary_large_image","twitter_misc":{"Est. reading time":"1 minute"},"schema":{"@context":"https:\/\/schema.org","@graph":[{"@type":"WebPage","@id":"https:\/\/initiative-pim.org\/en\/legal-mentions\/","url":"https:\/\/initiative-pim.org\/en\/legal-mentions\/","name":"Legal mentions - Initiative PIM","isPartOf":{"@id":"https:\/\/initiative-pim.org\/en\/#website"},"datePublished":"2025-04-03T14:44:26+00:00","dateModified":"2025-04-05T12:29:33+00:00","breadcrumb":{"@id":"https:\/\/initiative-pim.org\/en\/legal-mentions\/#breadcrumb"},"inLanguage":"en-US","potentialAction":[{"@type":"ReadAction","target":["https:\/\/initiative-pim.org\/en\/legal-mentions\/"]}]},{"@type":"BreadcrumbList","@id":"https:\/\/initiative-pim.org\/en\/legal-mentions\/#breadcrumb","itemListElement":[{"@type":"ListItem","position":1,"name":"Accueil","item":"https:\/\/initiative-pim.org\/en\/"},{"@type":"ListItem","position":2,"name":"Legal mentions"}]},{"@type":"WebSite","@id":"https:\/\/initiative-pim.org\/en\/#website","url":"https:\/\/initiative-pim.org\/en\/","name":"Initiative PIM","description":"","publisher":{"@id":"https:\/\/initiative-pim.org\/en\/#organization"},"alternateName":"Initiative PIM pour les Petites Iles de M\u00e9diterran\u00e9e","potentialAction":[{"@type":"SearchAction","target":{"@type":"EntryPoint","urlTemplate":"https:\/\/initiative-pim.org\/en\/?s={search_term_string}"},"query-input":{"@type":"PropertyValueSpecification","valueRequired":true,"valueName":"search_term_string"}}],"inLanguage":"en-US"},{"@type":"Organization","@id":"https:\/\/initiative-pim.org\/en\/#organization","name":"Initiative PIM","url":"https:\/\/initiative-pim.org\/en\/","logo":{"@type":"ImageObject","inLanguage":"en-US","@id":"https:\/\/initiative-pim.org\/en\/#\/schema\/logo\/image\/","url":"https:\/\/initiative-pim.org\/web\/wp-content\/uploads\/2025\/03\/initiative-PIM.png","contentUrl":"https:\/\/initiative-pim.org\/web\/wp-content\/uploads\/2025\/03\/initiative-PIM.png","width":655,"height":647,"caption":"Initiative PIM"},"image":{"@id":"https:\/\/initiative-pim.org\/en\/#\/schema\/logo\/image\/"},"sameAs":["https:\/\/www.facebook.com\/PIMinitiative\/","https:\/\/www.instagram.com\/initiative_pim\/","https:\/\/www.youtube.com\/channel\/UCtxVdBHvKlgCskcaY6gmP2w"]}]}},"_links":{"self":[{"href":"https:\/\/initiative-pim.org\/en\/wp-json\/wp\/v2\/pages\/3287","targetHints":{"allow":["GET"]}}],"collection":[{"href":"https:\/\/initiative-pim.org\/en\/wp-json\/wp\/v2\/pages"}],"about":[{"href":"https:\/\/initiative-pim.org\/en\/wp-json\/wp\/v2\/types\/page"}],"author":[{"embeddable":true,"href":"https:\/\/initiative-pim.org\/en\/wp-json\/wp\/v2\/users\/2"}],"replies":[{"embeddable":true,"href":"https:\/\/initiative-pim.org\/en\/wp-json\/wp\/v2\/comments?post=3287"}],"version-history":[{"count":2,"href":"https:\/\/initiative-pim.org\/en\/wp-json\/wp\/v2\/pages\/3287\/revisions"}],"predecessor-version":[{"id":3586,"href":"https:\/\/initiative-pim.org\/en\/wp-json\/wp\/v2\/pages\/3287\/revisions\/3586"}],"wp:attachment":[{"href":"https:\/\/initiative-pim.org\/en\/wp-json\/wp\/v2\/media?parent=3287"}],"curies":[{"name":"wp","href":"https:\/\/api.w.org\/{rel}","templated":true}]}}